{"id":1085,"date":"2023-09-05T13:31:07","date_gmt":"2023-09-05T13:31:07","guid":{"rendered":"https:\/\/missbagel.dk\/?page_id=1085"},"modified":"2024-05-08T13:42:42","modified_gmt":"2024-05-08T13:42:42","slug":"vaerdier-og-csr","status":"publish","type":"page","link":"https:\/\/missbagel.dk\/uk\/vaerdier-og-csr\/","title":{"rendered":"V\u00e6rdier og CSR"},"content":{"rendered":"\n[section label=&#8221;Kontakt hero&#8221; padding=&#8221;0px&#8221;]\n\n[ux_banner height=&#8221;500px&#8221; bg=&#8221;830&#8243; bg_color=&#8221;rgb(255, 255, 255)&#8221;]\n\n[text_box position_x=&#8221;50&#8243; position_y=&#8221;50&#8243;]\n\n\n[\/text_box]\n\n[\/ux_banner]\n[row h_align=&#8221;center&#8221;]\n\n[col span=&#8221;8&#8243; span__sm=&#8221;12&#8243; align=&#8221;center&#8221;]\n\n[ux_text text_color=&#8221;rgb(85, 85, 85)&#8221;]\n\n<h6 style=\"text-align: left;\">V\u00e6rdier og CSR<\/h6>\n<h1 style=\"text-align: left;\">Samfundsansvar og CSR-strategi<\/h1>\n<div style=\"text-align: left;\">Hos Miss Bagel arbejder vi l\u00f8bende p\u00e5 at forbedre og tage ansvar for os selv og verden omkring os.<\/div>\n<div style=\"text-align: left;\">\u00a0<\/div>\n<div style=\"text-align: left;\">Vi har ikke en r\u00e6kke fastlagte m\u00e5l, vi skal leve op til. Vi betragter CSR-arbejdet som en l\u00f8bende og dynamisk proces. Vi udf\u00f8rer analyser, retter til og arbejder hele tiden hen imod initiativer og l\u00f8sninger, der giver mening i vores produktion, i verden omkring os og for vores ansatte.<\/div>\n<div style=\"text-align: left;\">\u00a0<\/div>\n<div style=\"text-align: left;\">Den seneste \u00e5rr\u00e6kke har vi bl.a. arbejdet med f\u00f8lgende CSR-omr\u00e5der:<\/div>\n<div style=\"text-align: left;\">\u00a0<\/div>\n<div style=\"text-align: left;\">\u00a0<\/div>\n<h2 style=\"text-align: left;\">Emballage og genbrug<\/h2>\n<div style=\"text-align: left;\">FSC certificeret papkasser:\u2028<br \/>Fra 2020 er vi begyndt at bruge papkasser der er lavet af tr\u00e6 fra FSC certificeret skovbrug. Over tid satser vi p\u00e5 at alt pap vil v\u00e6re FSC certificeret.<\/div>\n<div style=\"text-align: left;\">\u00a0<\/div>\n<div style=\"text-align: left;\">Genbrug af plast &amp; papir:\u2028<br \/>Vi samler og sortere alt det affald vi kan og sender det derefter til genbrug. Bl.a. gennemsigtigt plast, pap &amp; papir, samt madaffald (se l\u00e6ngere nede i teksten). Den plastfolie vi pakker vores 4-pak bagels i, n\u00e5r de s\u00e6lges i detailhandlen, er designet til at kunne genanvendes. Folien skal sorteres som bl\u00f8d plast.<\/div>\n<div style=\"text-align: left;\">\u00a0<\/div>\n<div style=\"text-align: left;\">\u00a0<\/div>\n<h2 style=\"text-align: left;\">Dansk mel<\/h2>\n<div style=\"text-align: left;\">I vores bagelproduktion bruger vi n\u00e6sten udelukkende kerner og mel produceret i Danmark, m\u00e6rket med <a href=\"http:\/\/www.naturaks.dk\" target=\"_blank\" rel=\"noopener\">NaturAks<\/a>. NaturAks betyder at kerner og mel er kontrolleret for b\u00e5de str\u00e5forkortere og nedvisningsmidler, hvilket er bedre for milj\u00f8 og mennesker.<\/div>\n<div style=\"text-align: left;\">\u00a0<\/div>\n<div style=\"text-align: left;\">\u00a0<\/div>\n<h2 style=\"text-align: left;\">Overskudsmad til velg\u00f8renhed<\/h2>\n<div style=\"text-align: left;\">Vi st\u00e5r med j\u00e6vne mellemrum med friske f\u00f8devare der af den ene eller den anden \u00e5rsag ikke kan s\u00e6lges til vores faste kunder. I stedet for at kassere maden har Miss Bagel en r\u00e6kke velg\u00f8rende organisationer som vi samarbejder med.<\/div>\n<div style=\"text-align: left;\">\u00a0<\/div>\n<div style=\"text-align: left;\">\u2028F\u00f8devarebanken er en organisation der leverer frisk overskudsmad til herberg og varmestuer rundt om i Danmark. Maden bliver herefter tilberedt og delt ud til socialt udsatte.<\/div>\n<div style=\"text-align: left;\">\u00a0<\/div>\n<div style=\"text-align: left;\">Madkassen er et lokalt madspildsprojekt som indsamler overskudsmad og uddeler det gratis til \u00f8konomisk tr\u00e6ngte borgere.<\/div>\n<div style=\"text-align: left;\">\u00a0<\/div>\n<div style=\"text-align: left;\">\u00a0<\/div>\n<h2 style=\"text-align: left;\">Sponsoraftaler<\/h2>\n<div style=\"text-align: left;\">Vi har den store forn\u00f8jelse at have et rigt foreningsliv i vores lokalomr\u00e5de. Dem st\u00f8tter vi selvf\u00f8lgelig op om n\u00e5r vi kan.<\/div>\n<div style=\"text-align: left;\">Bl.a. kan n\u00e6vnes:<\/div>\n<ul>\n<li style=\"text-align: left;\">Helsing\u00f8r Sv\u00f8mmeklub<\/li>\n<li style=\"text-align: left;\">Esperg\u00e6rde Idr\u00e6tsforening Forening<\/li>\n<li style=\"text-align: left;\">Esperg\u00e6rde Fodboldklub &amp; FC Helsing\u00f8r, Kronborg C<\/li>\n<\/ul>\n[\/ux_text]\n[divider]\n\n[ux_image id=&#8221;1089&#8243;]\n\n\n[\/col]\n\n[\/row]\n\n[\/section]\n\n","protected":false},"excerpt":{"rendered":"","protected":false},"author":2,"featured_media":0,"parent":0,"menu_order":4,"comment_status":"closed","ping_status":"closed","template":"page-blank.php","meta":{"footnotes":""},"class_list":["post-1085","page","type-page","status-publish","hentry"],"jetpack_sharing_enabled":true,"_links":{"self":[{"href":"https:\/\/missbagel.dk\/uk\/wp-json\/wp\/v2\/pages\/1085","targetHints":{"allow":["GET"]}}],"collection":[{"href":"https:\/\/missbagel.dk\/uk\/wp-json\/wp\/v2\/pages"}],"about":[{"href":"https:\/\/missbagel.dk\/uk\/wp-json\/wp\/v2\/types\/page"}],"author":[{"embeddable":true,"href":"https:\/\/missbagel.dk\/uk\/wp-json\/wp\/v2\/users\/2"}],"replies":[{"embeddable":true,"href":"https:\/\/missbagel.dk\/uk\/wp-json\/wp\/v2\/comments?post=1085"}],"version-history":[{"count":45,"href":"https:\/\/missbagel.dk\/uk\/wp-json\/wp\/v2\/pages\/1085\/revisions"}],"predecessor-version":[{"id":2231,"href":"https:\/\/missbagel.dk\/uk\/wp-json\/wp\/v2\/pages\/1085\/revisions\/2231"}],"wp:attachment":[{"href":"https:\/\/missbagel.dk\/uk\/wp-json\/wp\/v2\/media?parent=1085"}],"curies":[{"name":"wp","href":"https:\/\/api.w.org\/{rel}","templated":true}]}}