{"id":2158,"date":"2024-05-08T09:21:07","date_gmt":"2024-05-08T09:21:07","guid":{"rendered":"https:\/\/missbagel.dk\/?page_id=2158"},"modified":"2024-05-08T13:39:24","modified_gmt":"2024-05-08T13:39:24","slug":"kob-grossist","status":"publish","type":"page","link":"https:\/\/missbagel.dk\/uk\/kob-grossist\/","title":{"rendered":"K\u00f8b hos grossist"},"content":{"rendered":"\n[section label=&#8221;Kontakt hero&#8221; bg_overlay=&#8221;#ffffff&#8221; dark=&#8221;true&#8221; padding=&#8221;0px&#8221;]\n\n[ux_banner height=&#8221;500px&#8221; bg=&#8221;2184&#8243; bg_color=&#8221;rgb(255,255,255)&#8221; bg_pos=&#8221;57% 59%&#8221;]\n\n[text_box position_x=&#8221;50&#8243; position_y=&#8221;50&#8243;]\n\n\n[\/text_box]\n\n[\/ux_banner]\n\n[\/section]\n[section label=&#8221;Grossister&#8221;]\n\n[row h_align=&#8221;center&#8221;]\n\n[col span=&#8221;8&#8243; span__sm=&#8221;12&#8243;]\n\n<h5 class=\"uppercase\">K\u00f8b hos Grossist<\/h5>\n<p>Miss Bagel s\u00e6lger sine br\u00f8d og kager gennem en r\u00e6kke af landets f\u00f8rende grossister. Hvis du savner et af vores varenummer hos din grossist, skal du rette henvendelse hos den konsulent du plejer at tale med.<\/p>\n\n[\/col]\n\n[\/row]\n[row]\n\n[col span=&#8221;4&#8243; span__sm=&#8221;12&#8243; padding=&#8221;20px 20px 20px 20px&#8221;]\n\n[ux_image id=&#8221;1701&#8243; image_hover=&#8221;zoom&#8221; link=&#8221;https:\/\/abcatering.dk&#8221;]\n\n\n[\/col]\n[col span=&#8221;4&#8243; span__sm=&#8221;12&#8243; padding=&#8221;20px 20px 20px 20px&#8221;]\n\n[ux_image id=&#8221;1702&#8243; image_hover=&#8221;zoom&#8221; link=&#8221;https:\/\/bccatering.dk&#8221;]\n\n\n[\/col]\n[col span=&#8221;4&#8243; span__sm=&#8221;12&#8243; padding=&#8221;20px 20px 20px 20px&#8221;]\n\n[ux_image id=&#8221;1703&#8243; image_hover=&#8221;zoom&#8221; link=&#8221;https:\/\/fullhouse.dk&#8221;]\n\n\n[\/col]\n\n[\/row]\n[row]\n\n[col span=&#8221;4&#8243; span__sm=&#8221;12&#8243; padding=&#8221;20px 20px 20px 20px&#8221;]\n\n[ux_image id=&#8221;1697&#8243; image_hover=&#8221;zoom&#8221; link=&#8221;https:\/\/dgfs.dk&#8221;]\n\n\n[\/col]\n[col span=&#8221;4&#8243; span__sm=&#8221;12&#8243; padding=&#8221;20px 20px 20px 20px&#8221;]\n\n[ux_image id=&#8221;1704&#8243; image_hover=&#8221;zoom&#8221; link=&#8221;https:\/\/www.hoka.dk\/da-dk&#8221;]\n\n\n[\/col]\n[col span=&#8221;4&#8243; span__sm=&#8221;12&#8243; padding=&#8221;20px 20px 20px 20px&#8221;]\n\n[ux_image id=&#8221;1705&#8243; image_hover=&#8221;zoom&#8221; link=&#8221;https:\/\/inco.dk&#8221;]\n\n\n[\/col]\n\n[\/row]\n[row]\n\n[col span=&#8221;4&#8243; span__sm=&#8221;12&#8243; padding=&#8221;20px 20px 20px 20px&#8221;]\n\n[ux_image id=&#8221;1706&#8243; image_hover=&#8221;zoom&#8221; link=&#8221;https:\/\/www.megahouse.dk&#8221;]\n\n\n[\/col]\n[col span=&#8221;4&#8243; span__sm=&#8221;12&#8243; padding=&#8221;20px 20px 20px 20px&#8221;]\n\n[ux_image id=&#8221;1707&#8243; image_hover=&#8221;zoom&#8221; link=&#8221;https:\/\/www.ph.fo\/poul-hansen-heilsola&#8221;]\n\n\n[\/col]\n[col span=&#8221;4&#8243; span__sm=&#8221;12&#8243; padding=&#8221;20px 20px 20px 20px&#8221;]\n\n[ux_image id=&#8221;2194&#8243; image_hover=&#8221;zoom&#8221; link=&#8221;https:\/\/www.svenskcater.se&#8221;]\n\n\n[\/col]\n[col span=&#8221;4&#8243; span__sm=&#8221;12&#8243; padding=&#8221;20px 20px 20px 20px&#8221;]\n\n[ux_image id=&#8221;2193&#8243; image_hover=&#8221;zoom&#8221; link=&#8221;https:\/\/greensengros.dk&#8221;]\n\n\n[\/col]\n[col span=&#8221;4&#8243; span__sm=&#8221;12&#8243; padding=&#8221;20px 20px 20px 20px&#8221;]\n\n[ux_image id=&#8221;2197&#8243; image_hover=&#8221;zoom&#8221; link=&#8221;https:\/\/oxneholm.dk&#8221;]\n\n\n[\/col]\n[col span=&#8221;4&#8243; span__sm=&#8221;12&#8243; padding=&#8221;20px 20px 20px 20px&#8221;]\n\n[ux_image id=&#8221;2199&#8243; image_hover=&#8221;zoom&#8221; link=&#8221;https:\/\/gimacatering.dk\/da&#8221;]\n\n\n[\/col]\n\n[\/row]\n\n[\/section]\n\n","protected":false},"excerpt":{"rendered":"","protected":false},"author":2,"featured_media":0,"parent":0,"menu_order":9,"comment_status":"closed","ping_status":"closed","template":"page-blank.php","meta":{"footnotes":""},"class_list":["post-2158","page","type-page","status-publish","hentry"],"jetpack_sharing_enabled":true,"_links":{"self":[{"href":"https:\/\/missbagel.dk\/uk\/wp-json\/wp\/v2\/pages\/2158","targetHints":{"allow":["GET"]}}],"collection":[{"href":"https:\/\/missbagel.dk\/uk\/wp-json\/wp\/v2\/pages"}],"about":[{"href":"https:\/\/missbagel.dk\/uk\/wp-json\/wp\/v2\/types\/page"}],"author":[{"embeddable":true,"href":"https:\/\/missbagel.dk\/uk\/wp-json\/wp\/v2\/users\/2"}],"replies":[{"embeddable":true,"href":"https:\/\/missbagel.dk\/uk\/wp-json\/wp\/v2\/comments?post=2158"}],"version-history":[{"count":11,"href":"https:\/\/missbagel.dk\/uk\/wp-json\/wp\/v2\/pages\/2158\/revisions"}],"predecessor-version":[{"id":2229,"href":"https:\/\/missbagel.dk\/uk\/wp-json\/wp\/v2\/pages\/2158\/revisions\/2229"}],"wp:attachment":[{"href":"https:\/\/missbagel.dk\/uk\/wp-json\/wp\/v2\/media?parent=2158"}],"curies":[{"name":"wp","href":"https:\/\/api.w.org\/{rel}","templated":true}]}}