{"id":2711,"date":"2025-01-25T19:34:53","date_gmt":"2025-01-25T19:34:53","guid":{"rendered":"https:\/\/missbagel.dk\/?page_id=2711"},"modified":"2025-12-18T12:09:30","modified_gmt":"2025-12-18T12:09:30","slug":"forside-elementor-2","status":"publish","type":"page","link":"https:\/\/missbagel.dk\/uk\/","title":{"rendered":"Forside-Elementor revision 2"},"content":{"rendered":"<div data-elementor-type=\"wp-post\" data-elementor-id=\"2711\" class=\"elementor elementor-2711\" data-elementor-post-type=\"page\">\n\t\t\t\t<div class=\"elementor-element elementor-element-27cb7b9 e-con-full e-flex e-con e-parent\" data-id=\"27cb7b9\" data-element_type=\"container\" data-e-type=\"container\">\n\t\t\t\t<div class=\"elementor-element elementor-element-dfa9c26 elementor-hidden-tablet elementor-hidden-mobile elementor-widget elementor-widget-image\" data-id=\"dfa9c26\" data-element_type=\"widget\" data-e-type=\"widget\" data-widget_type=\"image.default\">\n\t\t\t\t<div class=\"elementor-widget-container\">\n\t\t\t\t\t\t\t\t\t\t\t\t\t\t\t<img fetchpriority=\"high\" decoding=\"async\" width=\"2048\" height=\"1278\" src=\"https:\/\/missbagel.dk\/wp-content\/uploads\/2025\/01\/resize_MissB_ChiliCheddar_Katalog_Bred-2048x1278.jpg\" class=\"attachment-2048x2048 size-2048x2048 wp-image-2731\" alt=\"\" srcset=\"https:\/\/missbagel.dk\/wp-content\/uploads\/2025\/01\/resize_MissB_ChiliCheddar_Katalog_Bred-2048x1278.jpg 2048w, https:\/\/missbagel.dk\/wp-content\/uploads\/2025\/01\/resize_MissB_ChiliCheddar_Katalog_Bred-641x400.jpg 641w, https:\/\/missbagel.dk\/wp-content\/uploads\/2025\/01\/resize_MissB_ChiliCheddar_Katalog_Bred-1282x800.jpg 1282w, https:\/\/missbagel.dk\/wp-content\/uploads\/2025\/01\/resize_MissB_ChiliCheddar_Katalog_Bred-768x479.jpg 768w, https:\/\/missbagel.dk\/wp-content\/uploads\/2025\/01\/resize_MissB_ChiliCheddar_Katalog_Bred-1536x959.jpg 1536w\" sizes=\"(max-width: 2048px) 100vw, 2048px\" \/>\t\t\t\t\t\t\t\t\t\t\t\t\t\t\t<\/div>\n\t\t\t\t<\/div>\n\t\t\t\t<div class=\"elementor-element elementor-element-636663e elementor-hidden-desktop elementor-widget elementor-widget-image\" data-id=\"636663e\" data-element_type=\"widget\" data-e-type=\"widget\" data-widget_type=\"image.default\">\n\t\t\t\t<div class=\"elementor-widget-container\">\n\t\t\t\t\t\t\t\t\t\t\t\t\t\t\t<img decoding=\"async\" width=\"1365\" height=\"2048\" src=\"https:\/\/missbagel.dk\/wp-content\/uploads\/2025\/02\/MissB_Produkt_Bagel_ChiliCheddar_Marmor-1-1365x2048.jpg\" class=\"attachment-2048x2048 size-2048x2048 wp-image-3194\" alt=\"\" srcset=\"https:\/\/missbagel.dk\/wp-content\/uploads\/2025\/02\/MissB_Produkt_Bagel_ChiliCheddar_Marmor-1-1365x2048.jpg 1365w, https:\/\/missbagel.dk\/wp-content\/uploads\/2025\/02\/MissB_Produkt_Bagel_ChiliCheddar_Marmor-1-267x400.jpg 267w, https:\/\/missbagel.dk\/wp-content\/uploads\/2025\/02\/MissB_Produkt_Bagel_ChiliCheddar_Marmor-1-533x800.jpg 533w, https:\/\/missbagel.dk\/wp-content\/uploads\/2025\/02\/MissB_Produkt_Bagel_ChiliCheddar_Marmor-1-768x1152.jpg 768w, https:\/\/missbagel.dk\/wp-content\/uploads\/2025\/02\/MissB_Produkt_Bagel_ChiliCheddar_Marmor-1-1024x1536.jpg 1024w, https:\/\/missbagel.dk\/wp-content\/uploads\/2025\/02\/MissB_Produkt_Bagel_ChiliCheddar_Marmor-1-8x12.jpg 8w, https:\/\/missbagel.dk\/wp-content\/uploads\/2025\/02\/MissB_Produkt_Bagel_ChiliCheddar_Marmor-1-scaled.jpg 1707w\" sizes=\"(max-width: 1365px) 100vw, 1365px\" \/>\t\t\t\t\t\t\t\t\t\t\t\t\t\t\t<\/div>\n\t\t\t\t<\/div>\n\t\t\t\t<\/div>\n\t\t<div class=\"elementor-element elementor-element-7eecc96 e-con-full e-flex e-con e-parent\" data-id=\"7eecc96\" data-element_type=\"container\" data-e-type=\"container\" id=\"produkter\">\n\t\t\t\t<div class=\"elementor-element elementor-element-6ec89bc elementor-widget elementor-widget-spacer\" data-id=\"6ec89bc\" data-element_type=\"widget\" data-e-type=\"widget\" data-widget_type=\"spacer.default\">\n\t\t\t\t<div class=\"elementor-widget-container\">\n\t\t\t\t\t\t\t<div class=\"elementor-spacer\">\n\t\t\t<div class=\"elementor-spacer-inner\"><\/div>\n\t\t<\/div>\n\t\t\t\t\t\t<\/div>\n\t\t\t\t<\/div>\n\t\t\t\t<div class=\"elementor-element elementor-element-e983f2a elementor-widget elementor-widget-text-editor\" data-id=\"e983f2a\" data-element_type=\"widget\" data-e-type=\"widget\" data-widget_type=\"text-editor.default\">\n\t\t\t\t<div class=\"elementor-widget-container\">\n\t\t\t\t\t\t\t\t\t<p>NEW YORK ADDED DANISH BAKING <br \/>TRADITIONS<\/p>\t\t\t\t\t\t\t\t<\/div>\n\t\t\t\t<\/div>\n\t\t\t\t<div class=\"elementor-element elementor-element-16e3d90 elementor-widget__width-initial elementor-widget-mobile__width-initial elementor-widget elementor-widget-text-editor\" data-id=\"16e3d90\" data-element_type=\"widget\" data-e-type=\"widget\" data-widget_type=\"text-editor.default\">\n\t\t\t\t<div class=\"elementor-widget-container\">\n\t\t\t\t\t\t\t\t\t<p><span style=\"font-family: 'TimesNewRomanPSMT',serif;\">Miss Bagel was established in 2000 in a basement with simple bagel equipment, a real New Yorker bagel baker as mentor, his original recipes and three curious entrepreneurs as baker assistants and salesmen. Since then, Miss Bagel has become the bagel bakery for all of Denmark. The bakery has long since outgrown the basement premises and is now located in Esperg\u00e6rde, close to Copenhagen and Sweden. <\/span><\/p>\t\t\t\t\t\t\t\t<\/div>\n\t\t\t\t<\/div>\n\t\t\t\t<div class=\"elementor-element elementor-element-7435271 elementor-align-center elementor-widget elementor-widget-button\" data-id=\"7435271\" data-element_type=\"widget\" data-e-type=\"widget\" data-widget_type=\"button.default\">\n\t\t\t\t<div class=\"elementor-widget-container\">\n\t\t\t\t\t\t\t\t\t<div class=\"elementor-button-wrapper\">\n\t\t\t\t\t<a class=\"elementor-button elementor-button-link elementor-size-sm\" href=\"https:\/\/missbagel.dk\/wp-content\/uploads\/2025\/02\/MB-Katalog-Bagel-Bread-24-sider-UK-250213-1.pdf\" target=\"_blank\">\n\t\t\t\t\t\t<span class=\"elementor-button-content-wrapper\">\n\t\t\t\t\t\t\t\t\t<span class=\"elementor-button-text\">Download katalog: Bagel &amp; Bread<\/span>\n\t\t\t\t\t<\/span>\n\t\t\t\t\t<\/a>\n\t\t\t\t<\/div>\n\t\t\t\t\t\t\t\t<\/div>\n\t\t\t\t<\/div>\n\t\t\t\t<div class=\"elementor-element elementor-element-ff51693 elementor-align-center elementor-widget elementor-widget-button\" data-id=\"ff51693\" data-element_type=\"widget\" data-e-type=\"widget\" data-widget_type=\"button.default\">\n\t\t\t\t<div class=\"elementor-widget-container\">\n\t\t\t\t\t\t\t\t\t<div class=\"elementor-button-wrapper\">\n\t\t\t\t\t<a class=\"elementor-button elementor-button-link elementor-size-sm\" href=\"https:\/\/missbagel.dk\/wp-content\/uploads\/2025\/02\/MB-Katalog-Cookie-Cake-8-sider-UK-250213.pdf\" target=\"_blank\">\n\t\t\t\t\t\t<span class=\"elementor-button-content-wrapper\">\n\t\t\t\t\t\t\t\t\t<span class=\"elementor-button-text\">Download katalog: Cookie &amp; Cake<\/span>\n\t\t\t\t\t<\/span>\n\t\t\t\t\t<\/a>\n\t\t\t\t<\/div>\n\t\t\t\t\t\t\t\t<\/div>\n\t\t\t\t<\/div>\n\t\t\t\t<\/div>\n\t\t<div class=\"elementor-element elementor-element-5ff75bb e-con-full e-flex e-con e-parent\" data-id=\"5ff75bb\" data-element_type=\"container\" data-e-type=\"container\">\n\t\t<div class=\"elementor-element elementor-element-8fbce1b e-con-full e-flex e-con e-child\" data-id=\"8fbce1b\" data-element_type=\"container\" data-e-type=\"container\" data-settings=\"{&quot;background_background&quot;:&quot;classic&quot;}\">\n\t\t\t\t<div class=\"elementor-element elementor-element-b940f64 elementor-widget elementor-widget-text-editor\" data-id=\"b940f64\" data-element_type=\"widget\" data-e-type=\"widget\" data-widget_type=\"text-editor.default\">\n\t\t\t\t<div class=\"elementor-widget-container\">\n\t\t\t\t\t\t\t\t\t<p>New York &#8211; Danmark<br \/>Since 2000<\/p>\t\t\t\t\t\t\t\t<\/div>\n\t\t\t\t<\/div>\n\t\t\t\t<\/div>\n\t\t<div class=\"elementor-element elementor-element-e898c47 e-con-full e-flex e-con e-child\" data-id=\"e898c47\" data-element_type=\"container\" data-e-type=\"container\" data-settings=\"{&quot;background_background&quot;:&quot;classic&quot;}\">\n\t\t\t\t<\/div>\n\t\t\t\t<\/div>\n\t\t<div class=\"elementor-element elementor-element-c47417f e-con-full e-flex e-con e-parent\" data-id=\"c47417f\" data-element_type=\"container\" data-e-type=\"container\" id=\"historien\">\n\t\t\t\t<div class=\"elementor-element elementor-element-3ca2187 elementor-widget elementor-widget-spacer\" data-id=\"3ca2187\" data-element_type=\"widget\" data-e-type=\"widget\" data-widget_type=\"spacer.default\">\n\t\t\t\t<div class=\"elementor-widget-container\">\n\t\t\t\t\t\t\t<div class=\"elementor-spacer\">\n\t\t\t<div class=\"elementor-spacer-inner\"><\/div>\n\t\t<\/div>\n\t\t\t\t\t\t<\/div>\n\t\t\t\t<\/div>\n\t\t\t\t<div class=\"elementor-element elementor-element-99289b1 elementor-widget elementor-widget-text-editor\" data-id=\"99289b1\" data-element_type=\"widget\" data-e-type=\"widget\" data-widget_type=\"text-editor.default\">\n\t\t\t\t<div class=\"elementor-widget-container\">\n\t\t\t\t\t\t\t\t\t<p>WE ARE PERFECTING THE SIMPLE<\/p>\t\t\t\t\t\t\t\t<\/div>\n\t\t\t\t<\/div>\n\t\t\t\t<div class=\"elementor-element elementor-element-226d709 elementor-widget__width-initial elementor-widget-mobile__width-initial elementor-widget elementor-widget-text-editor\" data-id=\"226d709\" data-element_type=\"widget\" data-e-type=\"widget\" data-widget_type=\"text-editor.default\">\n\t\t\t\t<div class=\"elementor-widget-container\">\n\t\t\t\t\t\t\t\t\t<p><span style=\"font-family: 'TimesNewRomanPSMT',serif;\">Our bagels are made as clean label with very few ingredients. Every day we strive to perfect the simple in our bakery. We transform the best local ingredients into delicious New York bagels in a Nordic interpretation. We use NaturAks flour and bake without added e-numbers, preservatives, eggs, milk and fats. All flavors, except Chili Cheddar, are vegan. <\/span><\/p><p><span style=\"font-family: 'TimesNewRomanPSMT',serif;\">All our products are delivered frozen to preserve the structure of the bread \"from bakery to table\" and to reduce food waste. <\/span><\/p>\t\t\t\t\t\t\t\t<\/div>\n\t\t\t\t<\/div>\n\t\t\t\t<\/div>\n\t\t<div class=\"elementor-element elementor-element-7a9abd5 e-con-full e-flex e-con e-parent\" data-id=\"7a9abd5\" data-element_type=\"container\" data-e-type=\"container\">\n\t\t<div class=\"elementor-element elementor-element-f404655 e-con-full e-flex e-con e-child\" data-id=\"f404655\" data-element_type=\"container\" data-e-type=\"container\" data-settings=\"{&quot;background_background&quot;:&quot;classic&quot;}\">\n\t\t\t\t<div class=\"elementor-element elementor-element-6c334fa elementor-widget__width-initial elementor-widget-tablet__width-inherit elementor-widget elementor-widget-text-editor\" data-id=\"6c334fa\" data-element_type=\"widget\" data-e-type=\"widget\" data-widget_type=\"text-editor.default\">\n\t\t\t\t<div class=\"elementor-widget-container\">\n\t\t\t\t\t\t\t\t\t<p>MISS BAGEL<\/p>\t\t\t\t\t\t\t\t<\/div>\n\t\t\t\t<\/div>\n\t\t\t\t<div class=\"elementor-element elementor-element-664b409 elementor-widget__width-initial elementor-widget-tablet__width-inherit elementor-invisible elementor-widget elementor-widget-text-editor\" data-id=\"664b409\" data-element_type=\"widget\" data-e-type=\"widget\" data-settings=\"{&quot;_animation&quot;:&quot;fadeIn&quot;,&quot;_animation_delay&quot;:350}\" data-widget_type=\"text-editor.default\">\n\t\t\t\t<div class=\"elementor-widget-container\">\n\t\t\t\t\t\t\t\t\t<p>FOR MORNING<\/p>\t\t\t\t\t\t\t\t<\/div>\n\t\t\t\t<\/div>\n\t\t\t\t<div class=\"elementor-element elementor-element-45209d1 elementor-widget__width-initial elementor-widget-tablet__width-inherit elementor-invisible elementor-widget elementor-widget-text-editor\" data-id=\"45209d1\" data-element_type=\"widget\" data-e-type=\"widget\" data-settings=\"{&quot;_animation&quot;:&quot;fadeIn&quot;,&quot;_animation_delay&quot;:700}\" data-widget_type=\"text-editor.default\">\n\t\t\t\t<div class=\"elementor-widget-container\">\n\t\t\t\t\t\t\t\t\t<p>FOR SCHOOL<\/p>\t\t\t\t\t\t\t\t<\/div>\n\t\t\t\t<\/div>\n\t\t\t\t<div class=\"elementor-element elementor-element-afd24de elementor-widget__width-initial elementor-widget-tablet__width-inherit elementor-invisible elementor-widget elementor-widget-text-editor\" data-id=\"afd24de\" data-element_type=\"widget\" data-e-type=\"widget\" data-settings=\"{&quot;_animation&quot;:&quot;fadeIn&quot;,&quot;_animation_delay&quot;:1050}\" data-widget_type=\"text-editor.default\">\n\t\t\t\t<div class=\"elementor-widget-container\">\n\t\t\t\t\t\t\t\t\t<p>FOR WORK<\/p>\t\t\t\t\t\t\t\t<\/div>\n\t\t\t\t<\/div>\n\t\t\t\t<div class=\"elementor-element elementor-element-ac63648 elementor-widget__width-initial elementor-widget-tablet__width-inherit elementor-invisible elementor-widget elementor-widget-text-editor\" data-id=\"ac63648\" data-element_type=\"widget\" data-e-type=\"widget\" data-settings=\"{&quot;_animation&quot;:&quot;fadeIn&quot;,&quot;_animation_delay&quot;:1400}\" data-widget_type=\"text-editor.default\">\n\t\t\t\t<div class=\"elementor-widget-container\">\n\t\t\t\t\t\t\t\t\t<p>FOR LUNCH<\/p>\t\t\t\t\t\t\t\t<\/div>\n\t\t\t\t<\/div>\n\t\t\t\t<div class=\"elementor-element elementor-element-a15b85f elementor-widget__width-initial elementor-widget-tablet__width-inherit elementor-invisible elementor-widget elementor-widget-text-editor\" data-id=\"a15b85f\" data-element_type=\"widget\" data-e-type=\"widget\" data-settings=\"{&quot;_animation&quot;:&quot;fadeIn&quot;,&quot;_animation_delay&quot;:1750}\" data-widget_type=\"text-editor.default\">\n\t\t\t\t<div class=\"elementor-widget-container\">\n\t\t\t\t\t\t\t\t\t<p>FOR SNACK<\/p>\t\t\t\t\t\t\t\t<\/div>\n\t\t\t\t<\/div>\n\t\t\t\t<div class=\"elementor-element elementor-element-3518e8e elementor-widget__width-initial elementor-widget-tablet__width-inherit elementor-invisible elementor-widget elementor-widget-text-editor\" data-id=\"3518e8e\" data-element_type=\"widget\" data-e-type=\"widget\" data-settings=\"{&quot;_animation&quot;:&quot;fadeIn&quot;,&quot;_animation_delay&quot;:2200}\" data-widget_type=\"text-editor.default\">\n\t\t\t\t<div class=\"elementor-widget-container\">\n\t\t\t\t\t\t\t\t\t<p>FOR EVENING<\/p>\t\t\t\t\t\t\t\t<\/div>\n\t\t\t\t<\/div>\n\t\t\t\t<div class=\"elementor-element elementor-element-5858277 elementor-widget__width-initial elementor-widget-tablet__width-inherit elementor-invisible elementor-widget elementor-widget-text-editor\" data-id=\"5858277\" data-element_type=\"widget\" data-e-type=\"widget\" data-settings=\"{&quot;_animation&quot;:&quot;fadeIn&quot;,&quot;_animation_delay&quot;:2550}\" data-widget_type=\"text-editor.default\">\n\t\t\t\t<div class=\"elementor-widget-container\">\n\t\t\t\t\t\t\t\t\t<p>FOR HOME<\/p>\t\t\t\t\t\t\t\t<\/div>\n\t\t\t\t<\/div>\n\t\t\t\t<div class=\"elementor-element elementor-element-0a834f4 elementor-widget__width-initial elementor-widget-tablet__width-inherit elementor-invisible elementor-widget elementor-widget-text-editor\" data-id=\"0a834f4\" data-element_type=\"widget\" data-e-type=\"widget\" data-settings=\"{&quot;_animation&quot;:&quot;fadeIn&quot;,&quot;_animation_delay&quot;:2900}\" data-widget_type=\"text-editor.default\">\n\t\t\t\t<div class=\"elementor-widget-container\">\n\t\t\t\t\t\t\t\t\t<p>FOR TO-GO<\/p>\t\t\t\t\t\t\t\t<\/div>\n\t\t\t\t<\/div>\n\t\t\t\t<div class=\"elementor-element elementor-element-95939d2 elementor-hidden-desktop elementor-hidden-tablet elementor-hidden-mobile elementor-widget elementor-widget-text-editor\" data-id=\"95939d2\" data-element_type=\"widget\" data-e-type=\"widget\" data-widget_type=\"text-editor.default\">\n\t\t\t\t<div class=\"elementor-widget-container\">\n\t\t\t\t\t\t\t\t\t<p>FOR MORNING<\/p><p>FOR SCHOOL<\/p><p>FOR WORK<\/p><p>FOR LUNCH<\/p><p>FOR SNACK<\/p><p>FOR EVENING<\/p><p>FOR HOME<\/p><p>FOR TO-GO<\/p>\t\t\t\t\t\t\t\t<\/div>\n\t\t\t\t<\/div>\n\t\t\t\t<\/div>\n\t\t<div class=\"elementor-element elementor-element-3c47d36 e-con-full e-flex e-con e-child\" data-id=\"3c47d36\" data-element_type=\"container\" data-e-type=\"container\" data-settings=\"{&quot;background_background&quot;:&quot;classic&quot;}\">\n\t\t\t\t<\/div>\n\t\t\t\t<\/div>\n\t\t<div class=\"elementor-element elementor-element-8981198 e-flex e-con-boxed e-con e-parent\" data-id=\"8981198\" data-element_type=\"container\" data-e-type=\"container\">\n\t\t\t\t\t<div class=\"e-con-inner\">\n\t\t\t\t<div class=\"elementor-element elementor-element-a2f8614 elementor-widget elementor-widget-spacer\" data-id=\"a2f8614\" data-element_type=\"widget\" data-e-type=\"widget\" data-widget_type=\"spacer.default\">\n\t\t\t\t<div class=\"elementor-widget-container\">\n\t\t\t\t\t\t\t<div class=\"elementor-spacer\">\n\t\t\t<div class=\"elementor-spacer-inner\"><\/div>\n\t\t<\/div>\n\t\t\t\t\t\t<\/div>\n\t\t\t\t<\/div>\n\t\t\t\t\t<\/div>\n\t\t\t\t<\/div>\n\t\t<div class=\"elementor-element elementor-element-8fc9fc6 e-flex e-con-boxed e-con e-parent\" data-id=\"8fc9fc6\" data-element_type=\"container\" data-e-type=\"container\">\n\t\t\t\t\t<div class=\"e-con-inner\">\n\t\t\t\t<div class=\"elementor-element elementor-element-46620d9 elementor-widget elementor-widget-heading\" data-id=\"46620d9\" data-element_type=\"widget\" data-e-type=\"widget\" data-widget_type=\"heading.default\">\n\t\t\t\t<div class=\"elementor-widget-container\">\n\t\t\t\t\t<h2 class=\"elementor-heading-title elementor-size-default\">KONTAKT<\/h2>\t\t\t\t<\/div>\n\t\t\t\t<\/div>\n\t\t\t\t<div class=\"elementor-element elementor-element-b88cf97 elementor-widget elementor-widget-spacer\" data-id=\"b88cf97\" data-element_type=\"widget\" data-e-type=\"widget\" data-widget_type=\"spacer.default\">\n\t\t\t\t<div class=\"elementor-widget-container\">\n\t\t\t\t\t\t\t<div class=\"elementor-spacer\">\n\t\t\t<div class=\"elementor-spacer-inner\"><\/div>\n\t\t<\/div>\n\t\t\t\t\t\t<\/div>\n\t\t\t\t<\/div>\n\t\t\t\t\t<\/div>\n\t\t\t\t<\/div>\n\t\t<div class=\"elementor-element elementor-element-c3869e6 e-grid e-con-boxed e-con e-parent\" data-id=\"c3869e6\" data-element_type=\"container\" data-e-type=\"container\">\n\t\t\t\t\t<div class=\"e-con-inner\">\n\t\t\t\t<div class=\"elementor-element elementor-element-0661469 elementor-widget elementor-widget-text-editor\" data-id=\"0661469\" data-element_type=\"widget\" data-e-type=\"widget\" data-widget_type=\"text-editor.default\">\n\t\t\t\t<div class=\"elementor-widget-container\">\n\t\t\t\t\t\t\t\t\t<div class=\"page\" title=\"Page 12\"><div class=\"layoutArea\"><div class=\"column\"><p><strong>OFFICE &amp; ADMINISTRATION<\/strong><\/p><p>Miss Bagel Aps<br \/>Aa. Louis Hansens Alle 2 3060 Esperg\u00e6rde Denmark<\/p><\/div><p>\u00a0<\/p><p><strong>OFFICE<\/strong><\/p><p>+45 4922 3594\u00a0<\/p><p><a href=\"mailto:info@missbagel.dk\">info@missbagel.dk<\/a><\/p><p>\u00a0<\/p><p><strong>CUSTOMER SERVICE<\/strong><\/p><p>+45 4913 1411\u00a0<\/p><p><a href=\"mailto:ordre@missbagel.dk\"><span style=\"font-size: 1rem;\">ordre@missbagel.dk<\/span><\/a><\/p><\/div><p>\u00a0<\/p><p><strong>CRISIS CONTACT FOR B2B<\/strong><\/p><p>Jesper Hvid-Hansen<\/p><p>+45 2175 5686 <br \/><a href=\"mailto:jesper@missbagel.dk\">jesper@missbagel.dk<\/a><\/p><\/div>\t\t\t\t\t\t\t\t<\/div>\n\t\t\t\t<\/div>\n\t\t\t\t<div class=\"elementor-element elementor-element-24caf1e elementor-widget elementor-widget-text-editor\" data-id=\"24caf1e\" data-element_type=\"widget\" data-e-type=\"widget\" data-widget_type=\"text-editor.default\">\n\t\t\t\t<div class=\"elementor-widget-container\">\n\t\t\t\t\t\t\t\t\t<p><strong>SALES<\/strong><\/p><p>Head of sales<\/p><p>Henrik Hovard-Christiansen \u00a0<span style=\"color: var( --e-global-color-text ); font-size: 1rem;\">(Denmark)<\/span><\/p><p>+45 6061 0247<\/p><p><a href=\"mailto:henrik@missbagel.dk\">henrik@missbagel.dk<\/a><\/p><p>\u00a0<\/p><p>Key Account Manager Foodservice<\/p><p>Rikke Gryberg \u00a0<span style=\"color: var( --e-global-color-text ); font-size: 1rem;\">(Denmark)<\/span><\/p><p>+45 2670 2770<\/p><p><a href=\"mailto:rikke@missbagel.dk\">rikke@missbagel.dk<\/a><\/p><p>\u00a0<\/p><p>CEO<\/p><p>Jesper Hvid-Hansen (Strategic partnerships &amp; Export)<\/p><p>+45 2175 5686<\/p><p><a href=\"mailto:jesper@missbagel.dk\">jesper@missbagel.dk<\/a><\/p>\t\t\t\t\t\t\t\t<\/div>\n\t\t\t\t<\/div>\n\t\t\t\t\t<\/div>\n\t\t\t\t<\/div>\n\t\t<div class=\"elementor-element elementor-element-7703f00 e-flex e-con-boxed e-con e-parent\" data-id=\"7703f00\" data-element_type=\"container\" data-e-type=\"container\">\n\t\t\t\t\t<div class=\"e-con-inner\">\n\t\t\t\t<div class=\"elementor-element elementor-element-ef1b9a3 elementor-widget elementor-widget-spacer\" data-id=\"ef1b9a3\" data-element_type=\"widget\" data-e-type=\"widget\" data-widget_type=\"spacer.default\">\n\t\t\t\t<div class=\"elementor-widget-container\">\n\t\t\t\t\t\t\t<div class=\"elementor-spacer\">\n\t\t\t<div class=\"elementor-spacer-inner\"><\/div>\n\t\t<\/div>\n\t\t\t\t\t\t<\/div>\n\t\t\t\t<\/div>\n\t\t\t\t\t<\/div>\n\t\t\t\t<\/div>\n\t\t\t\t<\/div>","protected":false},"excerpt":{"rendered":"<p>NEW YORK TILSAT DANSKE BAGER TRADITIONER Miss Bagel blev etableret i 2000 i et k\u00e6lderlokale med simpelt bageludstyr, en \u00e6gte New Yorker bagelbager som l\u00e6remester, hans originale opskrifter og tre nysgerrige iv\u00e6rks\u00e6ttere som bagersvende og s\u00e6lgere. Siden er Miss Bagel blevet hele Danmarks bagelbageri. Bageriet er for l\u00e6ngst vokset ud af k\u00e6lderlokalet og ligger nu [&hellip;]<\/p>\n","protected":false},"author":1,"featured_media":0,"parent":0,"menu_order":0,"comment_status":"closed","ping_status":"closed","template":"elementor_header_footer","meta":{"footnotes":""},"class_list":["post-2711","page","type-page","status-publish","hentry"],"jetpack_sharing_enabled":true,"_links":{"self":[{"href":"https:\/\/missbagel.dk\/uk\/wp-json\/wp\/v2\/pages\/2711","targetHints":{"allow":["GET"]}}],"collection":[{"href":"https:\/\/missbagel.dk\/uk\/wp-json\/wp\/v2\/pages"}],"about":[{"href":"https:\/\/missbagel.dk\/uk\/wp-json\/wp\/v2\/types\/page"}],"author":[{"embeddable":true,"href":"https:\/\/missbagel.dk\/uk\/wp-json\/wp\/v2\/users\/1"}],"replies":[{"embeddable":true,"href":"https:\/\/missbagel.dk\/uk\/wp-json\/wp\/v2\/comments?post=2711"}],"version-history":[{"count":341,"href":"https:\/\/missbagel.dk\/uk\/wp-json\/wp\/v2\/pages\/2711\/revisions"}],"predecessor-version":[{"id":4278,"href":"https:\/\/missbagel.dk\/uk\/wp-json\/wp\/v2\/pages\/2711\/revisions\/4278"}],"wp:attachment":[{"href":"https:\/\/missbagel.dk\/uk\/wp-json\/wp\/v2\/media?parent=2711"}],"curies":[{"name":"wp","href":"https:\/\/api.w.org\/{rel}","templated":true}]}}