{"id":2902,"date":"2025-02-06T13:53:32","date_gmt":"2025-02-06T13:53:32","guid":{"rendered":"https:\/\/missbagel.dk\/?page_id=2902"},"modified":"2025-02-06T14:32:14","modified_gmt":"2025-02-06T14:32:14","slug":"forside-elementor-2-2","status":"publish","type":"page","link":"https:\/\/missbagel.dk\/uk\/forside-elementor-2-2\/","title":{"rendered":"Forside-Elementor revision 2 #2"},"content":{"rendered":"<div data-elementor-type=\"wp-post\" data-elementor-id=\"2902\" class=\"elementor elementor-2902\" data-elementor-post-type=\"page\">\n\t\t\t\t<div class=\"elementor-element elementor-element-27cb7b9 e-con-full e-flex e-con e-parent\" data-id=\"27cb7b9\" data-element_type=\"container\" data-e-type=\"container\">\n\t\t\t\t<div class=\"elementor-element elementor-element-dfa9c26 elementor-widget elementor-widget-image\" data-id=\"dfa9c26\" data-element_type=\"widget\" data-e-type=\"widget\" data-widget_type=\"image.default\">\n\t\t\t\t<div class=\"elementor-widget-container\">\n\t\t\t\t\t\t\t\t\t\t\t\t\t\t\t<img fetchpriority=\"high\" decoding=\"async\" width=\"2560\" height=\"1598\" src=\"https:\/\/missbagel.dk\/wp-content\/uploads\/2025\/01\/resize_MissB_ChiliCheddar_Katalog_Bred-scaled.jpg\" class=\"attachment-full size-full wp-image-2731\" alt=\"\" srcset=\"https:\/\/missbagel.dk\/wp-content\/uploads\/2025\/01\/resize_MissB_ChiliCheddar_Katalog_Bred-scaled.jpg 2560w, https:\/\/missbagel.dk\/wp-content\/uploads\/2025\/01\/resize_MissB_ChiliCheddar_Katalog_Bred-641x400.jpg 641w, https:\/\/missbagel.dk\/wp-content\/uploads\/2025\/01\/resize_MissB_ChiliCheddar_Katalog_Bred-1282x800.jpg 1282w, https:\/\/missbagel.dk\/wp-content\/uploads\/2025\/01\/resize_MissB_ChiliCheddar_Katalog_Bred-768x479.jpg 768w, https:\/\/missbagel.dk\/wp-content\/uploads\/2025\/01\/resize_MissB_ChiliCheddar_Katalog_Bred-1536x959.jpg 1536w, https:\/\/missbagel.dk\/wp-content\/uploads\/2025\/01\/resize_MissB_ChiliCheddar_Katalog_Bred-2048x1278.jpg 2048w\" sizes=\"(max-width: 2560px) 100vw, 2560px\" \/>\t\t\t\t\t\t\t\t\t\t\t\t\t\t\t<\/div>\n\t\t\t\t<\/div>\n\t\t\t\t<\/div>\n\t\t<div class=\"elementor-element elementor-element-af3647e e-con-full e-flex e-con e-parent\" data-id=\"af3647e\" data-element_type=\"container\" data-e-type=\"container\">\n\t\t\t\t<div class=\"elementor-element elementor-element-fb18730 elementor-widget elementor-widget-text-editor\" data-id=\"fb18730\" data-element_type=\"widget\" data-e-type=\"widget\" id=\"historien\" data-widget_type=\"text-editor.default\">\n\t\t\t\t<div class=\"elementor-widget-container\">\n\t\t\t\t\t\t\t\t\t<p>NEW YORK ADDED DANISH BAKING <br \/>TRADITIONS<\/p>\t\t\t\t\t\t\t\t<\/div>\n\t\t\t\t<\/div>\n\t\t\t\t<div class=\"elementor-element elementor-element-4ddcb48 elementor-widget__width-initial elementor-widget-mobile__width-initial elementor-widget elementor-widget-text-editor\" data-id=\"4ddcb48\" data-element_type=\"widget\" data-e-type=\"widget\" data-widget_type=\"text-editor.default\">\n\t\t\t\t<div class=\"elementor-widget-container\">\n\t\t\t\t\t\t\t\t\t<p><span style=\"font-family: 'TimesNewRomanPSMT',serif;\">Miss Bagel was established in 2000 in a basement with simple bagel equipment, a real New Yorker bagel baker as mentor, his original recipes and three curious entrepreneurs as baker assistants and salesmen. Since then, Miss Bagel has become the bagel bakery for all of Denmark. The bakery has long since outgrown the basement premises and is now located in Esperg\u00e6rde, close to Copenhagen and Sweden. <\/span><\/p>\t\t\t\t\t\t\t\t<\/div>\n\t\t\t\t<\/div>\n\t\t\t\t<div class=\"elementor-element elementor-element-0874f52 elementor-align-center elementor-widget elementor-widget-button\" data-id=\"0874f52\" data-element_type=\"widget\" data-e-type=\"widget\" id=\"produktkatalog\" data-widget_type=\"button.default\">\n\t\t\t\t<div class=\"elementor-widget-container\">\n\t\t\t\t\t\t\t\t\t<div class=\"elementor-button-wrapper\">\n\t\t\t\t\t<a class=\"elementor-button elementor-button-link elementor-size-sm\" href=\"https:\/\/missbagel.dk\/wp-content\/uploads\/2025\/02\/MB-Katalog-Bagel-Bread-24-sider-UK-250213.pdf\" target=\"_blank\">\n\t\t\t\t\t\t<span class=\"elementor-button-content-wrapper\">\n\t\t\t\t\t\t\t\t\t<span class=\"elementor-button-text\">DOWNLOAD OUR PRODUCT CATALOG<\/span>\n\t\t\t\t\t<\/span>\n\t\t\t\t\t<\/a>\n\t\t\t\t<\/div>\n\t\t\t\t\t\t\t\t<\/div>\n\t\t\t\t<\/div>\n\t\t\t\t<\/div>\n\t\t<div class=\"elementor-element elementor-element-0accc6b e-flex e-con-boxed e-con e-parent\" data-id=\"0accc6b\" data-element_type=\"container\" data-e-type=\"container\">\n\t\t\t\t\t<div class=\"e-con-inner\">\n\t\t<div class=\"elementor-element elementor-element-7417171 e-con-full e-flex e-con e-child\" data-id=\"7417171\" data-element_type=\"container\" data-e-type=\"container\" data-settings=\"{&quot;background_background&quot;:&quot;classic&quot;}\">\n\t\t\t\t<div class=\"elementor-element elementor-element-e0e693a elementor-widget elementor-widget-text-editor\" data-id=\"e0e693a\" data-element_type=\"widget\" data-e-type=\"widget\" data-widget_type=\"text-editor.default\">\n\t\t\t\t<div class=\"elementor-widget-container\">\n\t\t\t\t\t\t\t\t\t<p>New York \u2013 Danmark<br \/>Since 2000<\/p>\t\t\t\t\t\t\t\t<\/div>\n\t\t\t\t<\/div>\n\t\t\t\t<\/div>\n\t\t<div class=\"elementor-element elementor-element-00fab8f e-con-full e-flex e-con e-child\" data-id=\"00fab8f\" data-element_type=\"container\" data-e-type=\"container\">\n\t\t\t\t<div class=\"elementor-element elementor-element-da7365a elementor-widget elementor-widget-image\" data-id=\"da7365a\" data-element_type=\"widget\" data-e-type=\"widget\" data-widget_type=\"image.default\">\n\t\t\t\t<div class=\"elementor-widget-container\">\n\t\t\t\t\t\t\t\t\t\t\t\t\t\t\t<img decoding=\"async\" width=\"1500\" height=\"1802\" src=\"https:\/\/missbagel.dk\/wp-content\/uploads\/2025\/02\/Bager_resize-1.jpg\" class=\"attachment-full size-full wp-image-2853\" alt=\"\" srcset=\"https:\/\/missbagel.dk\/wp-content\/uploads\/2025\/02\/Bager_resize-1.jpg 1500w, https:\/\/missbagel.dk\/wp-content\/uploads\/2025\/02\/Bager_resize-1-333x400.jpg 333w, https:\/\/missbagel.dk\/wp-content\/uploads\/2025\/02\/Bager_resize-1-666x800.jpg 666w, https:\/\/missbagel.dk\/wp-content\/uploads\/2025\/02\/Bager_resize-1-768x923.jpg 768w, https:\/\/missbagel.dk\/wp-content\/uploads\/2025\/02\/Bager_resize-1-1279x1536.jpg 1279w, https:\/\/missbagel.dk\/wp-content\/uploads\/2025\/02\/Bager_resize-1-10x12.jpg 10w\" sizes=\"(max-width: 1500px) 100vw, 1500px\" \/>\t\t\t\t\t\t\t\t\t\t\t\t\t\t\t<\/div>\n\t\t\t\t<\/div>\n\t\t\t\t<\/div>\n\t\t\t\t\t<\/div>\n\t\t\t\t<\/div>\n\t\t<div class=\"elementor-element elementor-element-c47417f e-flex e-con-boxed e-con e-parent\" data-id=\"c47417f\" data-element_type=\"container\" data-e-type=\"container\">\n\t\t\t\t\t<div class=\"e-con-inner\">\n\t\t\t\t<div class=\"elementor-element elementor-element-99289b1 elementor-widget elementor-widget-text-editor\" data-id=\"99289b1\" data-element_type=\"widget\" data-e-type=\"widget\" data-widget_type=\"text-editor.default\">\n\t\t\t\t<div class=\"elementor-widget-container\">\n\t\t\t\t\t\t\t\t\t<p>WE ARE PERFECTING THE SIMPLE<\/p>\t\t\t\t\t\t\t\t<\/div>\n\t\t\t\t<\/div>\n\t\t\t\t<div class=\"elementor-element elementor-element-226d709 elementor-widget__width-initial elementor-widget elementor-widget-text-editor\" data-id=\"226d709\" data-element_type=\"widget\" data-e-type=\"widget\" data-widget_type=\"text-editor.default\">\n\t\t\t\t<div class=\"elementor-widget-container\">\n\t\t\t\t\t\t\t\t\t<p><span style=\"font-family: 'TimesNewRomanPSMT',serif;\">Our bagels are made as clean label with very few ingredients. Every day we strive to perfect the simple in our bakery. We transform the best local ingredients into delicious New York bagels in a Nordic interpretation. We use NaturAks flour and bake without added e-numbers, preservatives, eggs, milk and fats. All flavors, except Chili Cheddar, are vegan. <\/span><\/p><p><span style=\"font-family: 'TimesNewRomanPSMT',serif;\">All our products are delivered frozen to preserve the structure of the bread \"from bakery to table\" and to reduce food waste. <\/span><\/p>\t\t\t\t\t\t\t\t<\/div>\n\t\t\t\t<\/div>\n\t\t\t\t\t<\/div>\n\t\t\t\t<\/div>\n\t\t<div class=\"elementor-element elementor-element-7a9abd5 e-con-full e-flex e-con e-parent\" data-id=\"7a9abd5\" data-element_type=\"container\" data-e-type=\"container\">\n\t\t<div class=\"elementor-element elementor-element-f404655 e-con-full e-flex e-con e-child\" data-id=\"f404655\" data-element_type=\"container\" data-e-type=\"container\" data-settings=\"{&quot;background_background&quot;:&quot;classic&quot;}\">\n\t\t\t\t<div class=\"elementor-element elementor-element-a4c6f5a elementor-widget elementor-widget-text-editor\" data-id=\"a4c6f5a\" data-element_type=\"widget\" data-e-type=\"widget\" data-widget_type=\"text-editor.default\">\n\t\t\t\t<div class=\"elementor-widget-container\">\n\t\t\t\t\t\t\t\t\t<p><strong>MISS BAGEL<br \/><\/strong><em>FOR MORNING<br \/><\/em><em>FOR SCHOOL<br \/><\/em><em>FOR WORK<br \/><\/em><em>FOR LUNCH<br \/><\/em><em>FOR SNACK<br \/><\/em><em>FOR EVENING<br \/><\/em><em>FOR HOME<br \/><\/em><em>FOR TO-GO<\/em><\/p>\t\t\t\t\t\t\t\t<\/div>\n\t\t\t\t<\/div>\n\t\t\t\t<\/div>\n\t\t<div class=\"elementor-element elementor-element-3c47d36 e-con-full e-flex e-con e-child\" data-id=\"3c47d36\" data-element_type=\"container\" data-e-type=\"container\" data-settings=\"{&quot;background_background&quot;:&quot;classic&quot;}\">\n\t\t\t\t<div class=\"elementor-element elementor-element-de31514 elementor-widget elementor-widget-image\" data-id=\"de31514\" data-element_type=\"widget\" data-e-type=\"widget\" data-widget_type=\"image.default\">\n\t\t\t\t<div class=\"elementor-widget-container\">\n\t\t\t\t\t\t\t\t\t\t\t\t\t\t\t<img decoding=\"async\" width=\"2074\" height=\"2560\" src=\"https:\/\/missbagel.dk\/wp-content\/uploads\/2025\/01\/redize_MissB_Produkt_Bagel_Grov_Marmor-scaled.jpg\" class=\"attachment-full size-full wp-image-2737\" alt=\"\" srcset=\"https:\/\/missbagel.dk\/wp-content\/uploads\/2025\/01\/redize_MissB_Produkt_Bagel_Grov_Marmor-scaled.jpg 2074w, https:\/\/missbagel.dk\/wp-content\/uploads\/2025\/01\/redize_MissB_Produkt_Bagel_Grov_Marmor-324x400.jpg 324w, https:\/\/missbagel.dk\/wp-content\/uploads\/2025\/01\/redize_MissB_Produkt_Bagel_Grov_Marmor-648x800.jpg 648w, https:\/\/missbagel.dk\/wp-content\/uploads\/2025\/01\/redize_MissB_Produkt_Bagel_Grov_Marmor-768x948.jpg 768w, https:\/\/missbagel.dk\/wp-content\/uploads\/2025\/01\/redize_MissB_Produkt_Bagel_Grov_Marmor-1245x1536.jpg 1245w, https:\/\/missbagel.dk\/wp-content\/uploads\/2025\/01\/redize_MissB_Produkt_Bagel_Grov_Marmor-1659x2048.jpg 1659w\" sizes=\"(max-width: 2074px) 100vw, 2074px\" \/>\t\t\t\t\t\t\t\t\t\t\t\t\t\t\t<\/div>\n\t\t\t\t<\/div>\n\t\t\t\t<\/div>\n\t\t\t\t<\/div>\n\t\t\t\t<\/div>","protected":false},"excerpt":{"rendered":"<p>NEW YORK TILSAT DANSKE BAGER TRADITIONER Miss Bagel blev etableret i 2000 i et k\u00e6lderlokale med simpelt bageludstyr, en \u00e6gte New Yorker bagelbager som l\u00e6remester, hans originale opskrifter og tre nysgerrige iv\u00e6rks\u00e6ttere som bagersvende og s\u00e6lgere. Siden er Miss Bagel blevet hele Danmarks bagelbageri. Bageriet er for l\u00e6ngst vokset ud af k\u00e6lderlokalet og ligger nu [&hellip;]<\/p>\n","protected":false},"author":1,"featured_media":0,"parent":0,"menu_order":0,"comment_status":"closed","ping_status":"closed","template":"elementor_header_footer","meta":{"footnotes":""},"class_list":["post-2902","page","type-page","status-publish","hentry"],"jetpack_sharing_enabled":true,"_links":{"self":[{"href":"https:\/\/missbagel.dk\/uk\/wp-json\/wp\/v2\/pages\/2902","targetHints":{"allow":["GET"]}}],"collection":[{"href":"https:\/\/missbagel.dk\/uk\/wp-json\/wp\/v2\/pages"}],"about":[{"href":"https:\/\/missbagel.dk\/uk\/wp-json\/wp\/v2\/types\/page"}],"author":[{"embeddable":true,"href":"https:\/\/missbagel.dk\/uk\/wp-json\/wp\/v2\/users\/1"}],"replies":[{"embeddable":true,"href":"https:\/\/missbagel.dk\/uk\/wp-json\/wp\/v2\/comments?post=2902"}],"version-history":[{"count":27,"href":"https:\/\/missbagel.dk\/uk\/wp-json\/wp\/v2\/pages\/2902\/revisions"}],"predecessor-version":[{"id":2933,"href":"https:\/\/missbagel.dk\/uk\/wp-json\/wp\/v2\/pages\/2902\/revisions\/2933"}],"wp:attachment":[{"href":"https:\/\/missbagel.dk\/uk\/wp-json\/wp\/v2\/media?parent=2902"}],"curies":[{"name":"wp","href":"https:\/\/api.w.org\/{rel}","templated":true}]}}