{"id":318,"date":"2023-08-07T10:01:26","date_gmt":"2023-08-07T10:01:26","guid":{"rendered":"https:\/\/missbagel.dk\/?page_id=318"},"modified":"2024-05-08T13:40:25","modified_gmt":"2024-05-08T13:40:25","slug":"historien-om-miss-bagel","status":"publish","type":"page","link":"https:\/\/missbagel.dk\/uk\/historien-om-miss-bagel\/","title":{"rendered":"Historien om Miss Bagel"},"content":{"rendered":"\n[section label=&#8221;Kontakt hero&#8221; padding=&#8221;0px&#8221;]\n\n[ux_banner height=&#8221;500px&#8221; bg=&#8221;2137&#8243; bg_color=&#8221;rgb(255,255,255)&#8221;]\n\n[text_box position_x=&#8221;50&#8243; position_y=&#8221;50&#8243;]\n\n\n[\/text_box]\n\n[\/ux_banner]\n[row h_align=&#8221;center&#8221;]\n\n[col span=&#8221;8&#8243; span__sm=&#8221;12&#8243;]\n\n[ux_text text_color=&#8221;rgb(85, 85, 85)&#8221;]\n\n<h6 class=\"p1\"><span class=\"s1\">Historien om Miss Bagel<\/span><\/h6>\n<h1 class=\"p2\"><span class=\"s1\">Fra succesfuld caf\u00e9 til egen produktion<\/span><\/h1>\n<p class=\"p3\"><span class=\"s1\">Virksomheden startede oprindeligt ud som en caf\u00e9 i Helsing\u00f8r, der bl.a. solgte kaffe og bagels. Vi synes dog at det var fjollet at bagels var noget der skulle bestilles fra udlandet og derfor begyndte vi at eksperimentere med at bage dem selv. Det kr\u00e6vede et st\u00f8rre research arbejde i USA, da der er flere m\u00e5der at bage bagels p\u00e5 og vi fik en ekspert til Danmark for at opl\u00e6re os, f\u00f8r teknikken sad lige i skabet.<\/span><\/p>\n<p class=\"p3\"><span class=\"s1\">Derefter startede vi vores eget bagel-bageri og begyndte ogs\u00e5 at s\u00e6lge til andre cafeer. Slutteligt valgte vi at s\u00e6lge caf\u00e9en fra, k\u00f8be st\u00f8rre lokaler og fokusere p\u00e5 br\u00f8dproduktionen. Vi tog nogle af vores caf\u00e9 favoritter med os, fx brownien og cookies.<\/span><\/p>\n<p class=\"p3\"><span class=\"s1\">Derudover har vi udvidet br\u00f8dproduktionen til ogs\u00e5 at omfatte burgerboller, sandwichbr\u00f8d, pizzadej og et st\u00f8rre udvalg af kager under vores s\u00f8sterbrand <span data-text-color=\"secondary\"><a href=\"https:\/\/signaturkonditoriet.dk\/\"><span class=\"s2\">Signatur Konditoriet.<\/span><\/a><\/span><\/span><\/p>\n[\/ux_text]\n\n[\/col]\n\n[\/row]\n\n[\/section]\n\n","protected":false},"excerpt":{"rendered":"","protected":false},"author":2,"featured_media":0,"parent":0,"menu_order":3,"comment_status":"closed","ping_status":"closed","template":"page-blank.php","meta":{"footnotes":""},"class_list":["post-318","page","type-page","status-publish","hentry"],"jetpack_sharing_enabled":true,"_links":{"self":[{"href":"https:\/\/missbagel.dk\/uk\/wp-json\/wp\/v2\/pages\/318","targetHints":{"allow":["GET"]}}],"collection":[{"href":"https:\/\/missbagel.dk\/uk\/wp-json\/wp\/v2\/pages"}],"about":[{"href":"https:\/\/missbagel.dk\/uk\/wp-json\/wp\/v2\/types\/page"}],"author":[{"embeddable":true,"href":"https:\/\/missbagel.dk\/uk\/wp-json\/wp\/v2\/users\/2"}],"replies":[{"embeddable":true,"href":"https:\/\/missbagel.dk\/uk\/wp-json\/wp\/v2\/comments?post=318"}],"version-history":[{"count":55,"href":"https:\/\/missbagel.dk\/uk\/wp-json\/wp\/v2\/pages\/318\/revisions"}],"predecessor-version":[{"id":2230,"href":"https:\/\/missbagel.dk\/uk\/wp-json\/wp\/v2\/pages\/318\/revisions\/2230"}],"wp:attachment":[{"href":"https:\/\/missbagel.dk\/uk\/wp-json\/wp\/v2\/media?parent=318"}],"curies":[{"name":"wp","href":"https:\/\/api.w.org\/{rel}","templated":true}]}}